{"id":163,"date":"2015-04-15T14:16:46","date_gmt":"2015-04-15T14:16:46","guid":{"rendered":"http:\/\/welfare.cmsmasters.net\/?page_id=163"},"modified":"2017-10-19T14:40:00","modified_gmt":"2017-10-19T16:40:00","slug":"contato","status":"publish","type":"page","link":"http:\/\/drasilviacristina.com.br\/index.php\/contato\/","title":{"rendered":"Contact forms"},"content":{"rendered":"<style type=\"text\/css\"> \n#cmsmasters_row_69d7963c1b28a .cmsmasters_row_outer_parent { \n\tpadding-top: 50px; \n} \n\n \n#cmsmasters_heading_69d7963c1b7a4 { \n\ttext-align:center; \n\tmargin-top:10px; \n\tmargin-bottom:40px; \n} \n\n#cmsmasters_heading_69d7963c1b7a4 .cmsmasters_heading { \n\ttext-align:center; \n} \n\n#cmsmasters_heading_69d7963c1b7a4 .cmsmasters_heading, #cmsmasters_heading_69d7963c1b7a4 .cmsmasters_heading a { \n\tfont-weight:bold; \n\tfont-style:normal; \n\tcolor:#b6a094;\n} \n\n#cmsmasters_heading_69d7963c1b7a4 .cmsmasters_heading_divider { \n} \n\n \n#cmsmasters_row_69d7963c1b94f .cmsmasters_row_outer_parent { \n\tpadding-top: 0px; \n} \n\n#cmsmasters_row_69d7963c1b94f .cmsmasters_row_outer_parent { \n\tpadding-bottom: 70px; \n} \n\n \n#cmsmasters_heading_69d7963c1ba6d { \n\ttext-align:left; \n\tmargin-top:0px; \n\tmargin-bottom:30px; \n} \n\n#cmsmasters_heading_69d7963c1ba6d .cmsmasters_heading { \n\ttext-align:left; \n} \n\n#cmsmasters_heading_69d7963c1ba6d .cmsmasters_heading, #cmsmasters_heading_69d7963c1ba6d .cmsmasters_heading a { \n\tfont-weight:bold; \n\tfont-style:normal; \n} \n\n#cmsmasters_heading_69d7963c1ba6d .cmsmasters_heading_divider { \n} \n\n \n#cmsmasters_heading_69d7963c205ce { \n\ttext-align:left; \n\tmargin-top:0px; \n\tmargin-bottom:30px; \n} \n\n#cmsmasters_heading_69d7963c205ce .cmsmasters_heading { \n\ttext-align:left; \n} \n\n#cmsmasters_heading_69d7963c205ce .cmsmasters_heading, #cmsmasters_heading_69d7963c205ce .cmsmasters_heading a { \n\tfont-weight:bold; \n\tfont-style:normal; \n} \n\n#cmsmasters_heading_69d7963c205ce .cmsmasters_heading_divider { \n} \n\n \n#cmsmasters_row_69d7963c206a8 .cmsmasters_row_outer_parent { \n\tpadding-top: 0px; \n} \n\n#cmsmasters_row_69d7963c206a8 .cmsmasters_row_outer_parent { \n\tpadding-bottom: 50px; \n} \n\n<\/style><div id=\"cmsmasters_row_69d7963c1b28a\" class=\"cmsmasters_row cmsmasters_color_scheme_default cmsmasters_row_top_default cmsmasters_row_bot_default cmsmasters_row_boxed\">\n<div class=\"cmsmasters_row_outer_parent\">\n<div class=\"cmsmasters_row_outer\">\n<div class=\"cmsmasters_row_inner\">\n<div class=\"cmsmasters_row_margin\">\n<div class=\"cmsmasters_column one_first\">\n\n<div id=\"cmsmasters_heading_69d7963c1b7a4\" class=\"cmsmasters_heading_wrap cmsmasters_heading_align_center\">\n\t<h1 class=\"cmsmasters_heading\">Entre em contato!<\/h1>\n<\/div>\n<\/div>\n<\/div>\n<\/div>\n<\/div>\n<\/div>\n<\/div>\n<div id=\"cmsmasters_row_69d7963c1b94f\" class=\"cmsmasters_row cmsmasters_color_scheme_default cmsmasters_row_top_default cmsmasters_row_bot_default cmsmasters_row_boxed\">\n<div class=\"cmsmasters_row_outer_parent\">\n<div class=\"cmsmasters_row_outer\">\n<div class=\"cmsmasters_row_inner\">\n<div class=\"cmsmasters_row_margin\">\n<div class=\"cmsmasters_column one_half\">\n\n<div id=\"cmsmasters_heading_69d7963c1ba6d\" class=\"cmsmasters_heading_wrap cmsmasters_heading_align_left\">\n\t<h2 class=\"cmsmasters_heading\">Entre em contato!<\/h2>\n<\/div><div class=\"cmsmasters_contact_form\">\n<div class=\"wpcf7 no-js\" id=\"wpcf7-f10394-o1\" lang=\"en-US\" dir=\"ltr\" data-wpcf7-id=\"10394\">\n<div class=\"screen-reader-response\"><p role=\"status\" aria-live=\"polite\" aria-atomic=\"true\"><\/p> <ul><\/ul><\/div>\n<form action=\"\/index.php\/wp-json\/wp\/v2\/pages\/163#wpcf7-f10394-o1\" method=\"post\" class=\"wpcf7-form init\" aria-label=\"Contact form\" novalidate=\"novalidate\" data-status=\"init\">\n<fieldset class=\"hidden-fields-container\"><input type=\"hidden\" name=\"_wpcf7\" value=\"10394\" \/><input type=\"hidden\" name=\"_wpcf7_version\" value=\"6.1.4\" \/><input type=\"hidden\" name=\"_wpcf7_locale\" value=\"en_US\" \/><input type=\"hidden\" name=\"_wpcf7_unit_tag\" value=\"wpcf7-f10394-o1\" \/><input type=\"hidden\" name=\"_wpcf7_container_post\" value=\"0\" \/><input type=\"hidden\" name=\"_wpcf7_posted_data_hash\" value=\"\" \/>\n<\/fieldset>\n<p>Seu nome (obrigat\u00f3rio)\n<\/p>\n<p><span class=\"wpcf7-form-control-wrap\" data-name=\"your-name\"><input size=\"40\" maxlength=\"400\" class=\"wpcf7-form-control wpcf7-text wpcf7-validates-as-required\" aria-required=\"true\" aria-invalid=\"false\" value=\"\" type=\"text\" name=\"your-name\" \/><\/span>\n<\/p>\n<p>Seu e-mail (obrigat\u00f3rio)\n<\/p>\n<p><span class=\"wpcf7-form-control-wrap\" data-name=\"your-email\"><input size=\"40\" maxlength=\"400\" class=\"wpcf7-form-control wpcf7-email wpcf7-validates-as-required wpcf7-text wpcf7-validates-as-email\" aria-required=\"true\" aria-invalid=\"false\" value=\"\" type=\"email\" name=\"your-email\" \/><\/span>\n<\/p>\n<p>Seu telefone\n<\/p>\n<p><span class=\"wpcf7-form-control-wrap\" data-name=\"tel-556\"><input size=\"40\" maxlength=\"400\" class=\"wpcf7-form-control wpcf7-tel wpcf7-text wpcf7-validates-as-tel\" aria-invalid=\"false\" value=\"\" type=\"tel\" name=\"tel-556\" \/><\/span>\n<\/p>\n<p>Assunto\n<\/p>\n<p><span class=\"wpcf7-form-control-wrap\" data-name=\"your-subject\"><input size=\"40\" maxlength=\"400\" class=\"wpcf7-form-control wpcf7-text\" aria-invalid=\"false\" value=\"\" type=\"text\" name=\"your-subject\" \/><\/span>\n<\/p>\n<p>Sua mensagem\n<\/p>\n<p><span class=\"wpcf7-form-control-wrap\" data-name=\"your-message\"><textarea cols=\"40\" rows=\"10\" maxlength=\"2000\" class=\"wpcf7-form-control wpcf7-textarea\" aria-invalid=\"false\" name=\"your-message\"><\/textarea><\/span>\n<\/p>\n<p><input class=\"wpcf7-form-control wpcf7-submit has-spinner\" type=\"submit\" value=\"Enviar\" \/>\n<\/p><p style=\"display: none !important;\" class=\"akismet-fields-container\" data-prefix=\"_wpcf7_ak_\"><label>&#916;<textarea name=\"_wpcf7_ak_hp_textarea\" cols=\"45\" rows=\"8\" maxlength=\"100\"><\/textarea><\/label><input type=\"hidden\" id=\"ak_js_1\" name=\"_wpcf7_ak_js\" value=\"159\"\/><script>document.getElementById( \"ak_js_1\" ).setAttribute( \"value\", ( new Date() ).getTime() );<\/script><\/p><div class=\"wpcf7-response-output\" aria-hidden=\"true\"><\/div>\n<\/form>\n<\/div>\n<\/div>\n<\/div>\n<div class=\"cmsmasters_column one_half\">\n\n<div id=\"cmsmasters_heading_69d7963c205ce\" class=\"cmsmasters_heading_wrap cmsmasters_heading_align_left\">\n\t<h2 class=\"cmsmasters_heading\">Telefone e Endere\u00e7o:<\/h2>\n<\/div><div class=\"cmsmasters_text\">\n<p>31 3241-4556 ou 2512-0956<br \/>\ncontato@drasilviacristina.com.br<br \/>\nPadre Marinho, 49 sl. 805 e 806<br \/>\nSanta Efig\u00eania . Bh . MG<\/p>\n<\/div>\n<\/div>\n<\/div>\n<\/div>\n<\/div>\n<\/div>\n<\/div>\n<div id=\"cmsmasters_row_69d7963c206a8\" class=\"cmsmasters_row cmsmasters_color_scheme_default cmsmasters_row_top_default cmsmasters_row_bot_default cmsmasters_row_boxed\">\n<div class=\"cmsmasters_row_outer_parent\">\n<div class=\"cmsmasters_row_outer\">\n<div class=\"cmsmasters_row_inner\">\n<div class=\"cmsmasters_row_margin\">\n<div class=\"cmsmasters_column one_first\">\n<\/div>\n<\/div>\n<\/div>\n<\/div>\n<\/div>\n<\/div>\n\n","protected":false},"excerpt":{"rendered":"","protected":false},"author":1,"featured_media":0,"parent":0,"menu_order":0,"comment_status":"closed","ping_status":"open","template":"","meta":{"footnotes":""},"class_list":["post-163","page","type-page","status-publish","hentry"],"yoast_head":"<!-- This site is optimized with the Yoast SEO plugin v26.8 - https:\/\/yoast.com\/product\/yoast-seo-wordpress\/ -->\n<title>Contact forms - Dra. Silvia Cristina<\/title>\n<meta name=\"robots\" content=\"index, follow, max-snippet:-1, max-image-preview:large, max-video-preview:-1\" \/>\n<link rel=\"canonical\" href=\"http:\/\/drasilviacristina.com.br\/index.php\/contato\/\" \/>\n<meta property=\"og:locale\" content=\"pt_BR\" \/>\n<meta property=\"og:type\" content=\"article\" \/>\n<meta property=\"og:title\" content=\"Contact forms - Dra. Silvia Cristina\" \/>\n<meta property=\"og:url\" content=\"http:\/\/drasilviacristina.com.br\/index.php\/contato\/\" \/>\n<meta property=\"og:site_name\" content=\"Dra. Silvia Cristina\" \/>\n<meta property=\"article:modified_time\" content=\"2017-10-19T16:40:00+00:00\" \/>\n<meta name=\"twitter:card\" content=\"summary_large_image\" \/>\n<meta name=\"twitter:label1\" content=\"Est. tempo de leitura\" \/>\n\t<meta name=\"twitter:data1\" content=\"1 minuto\" \/>\n<script type=\"application\/ld+json\" class=\"yoast-schema-graph\">{\"@context\":\"https:\/\/schema.org\",\"@graph\":[{\"@type\":\"WebPage\",\"@id\":\"http:\/\/drasilviacristina.com.br\/index.php\/contato\/\",\"url\":\"http:\/\/drasilviacristina.com.br\/index.php\/contato\/\",\"name\":\"Contact forms - Dra. Silvia Cristina\",\"isPartOf\":{\"@id\":\"https:\/\/drasilviacristina.com.br\/#website\"},\"datePublished\":\"2015-04-15T14:16:46+00:00\",\"dateModified\":\"2017-10-19T16:40:00+00:00\",\"breadcrumb\":{\"@id\":\"http:\/\/drasilviacristina.com.br\/index.php\/contato\/#breadcrumb\"},\"inLanguage\":\"pt-BR\",\"potentialAction\":[{\"@type\":\"ReadAction\",\"target\":[\"http:\/\/drasilviacristina.com.br\/index.php\/contato\/\"]}]},{\"@type\":\"BreadcrumbList\",\"@id\":\"http:\/\/drasilviacristina.com.br\/index.php\/contato\/#breadcrumb\",\"itemListElement\":[{\"@type\":\"ListItem\",\"position\":1,\"name\":\"Home\",\"item\":\"https:\/\/drasilviacristina.com.br\/\"},{\"@type\":\"ListItem\",\"position\":2,\"name\":\"Contact forms\"}]},{\"@type\":\"WebSite\",\"@id\":\"https:\/\/drasilviacristina.com.br\/#website\",\"url\":\"https:\/\/drasilviacristina.com.br\/\",\"name\":\"Dra. Silvia Cristina\",\"description\":\"Dermatologia Cl\u00ednica, Cir\u00fargica e Est\u00e9tica\",\"potentialAction\":[{\"@type\":\"SearchAction\",\"target\":{\"@type\":\"EntryPoint\",\"urlTemplate\":\"https:\/\/drasilviacristina.com.br\/?s={search_term_string}\"},\"query-input\":{\"@type\":\"PropertyValueSpecification\",\"valueRequired\":true,\"valueName\":\"search_term_string\"}}],\"inLanguage\":\"pt-BR\"}]}<\/script>\n<!-- \/ Yoast SEO plugin. -->","yoast_head_json":{"title":"Contact forms - Dra. Silvia Cristina","robots":{"index":"index","follow":"follow","max-snippet":"max-snippet:-1","max-image-preview":"max-image-preview:large","max-video-preview":"max-video-preview:-1"},"canonical":"http:\/\/drasilviacristina.com.br\/index.php\/contato\/","og_locale":"pt_BR","og_type":"article","og_title":"Contact forms - Dra. Silvia Cristina","og_url":"http:\/\/drasilviacristina.com.br\/index.php\/contato\/","og_site_name":"Dra. Silvia Cristina","article_modified_time":"2017-10-19T16:40:00+00:00","twitter_card":"summary_large_image","twitter_misc":{"Est. tempo de leitura":"1 minuto"},"schema":{"@context":"https:\/\/schema.org","@graph":[{"@type":"WebPage","@id":"http:\/\/drasilviacristina.com.br\/index.php\/contato\/","url":"http:\/\/drasilviacristina.com.br\/index.php\/contato\/","name":"Contact forms - Dra. Silvia Cristina","isPartOf":{"@id":"https:\/\/drasilviacristina.com.br\/#website"},"datePublished":"2015-04-15T14:16:46+00:00","dateModified":"2017-10-19T16:40:00+00:00","breadcrumb":{"@id":"http:\/\/drasilviacristina.com.br\/index.php\/contato\/#breadcrumb"},"inLanguage":"pt-BR","potentialAction":[{"@type":"ReadAction","target":["http:\/\/drasilviacristina.com.br\/index.php\/contato\/"]}]},{"@type":"BreadcrumbList","@id":"http:\/\/drasilviacristina.com.br\/index.php\/contato\/#breadcrumb","itemListElement":[{"@type":"ListItem","position":1,"name":"Home","item":"https:\/\/drasilviacristina.com.br\/"},{"@type":"ListItem","position":2,"name":"Contact forms"}]},{"@type":"WebSite","@id":"https:\/\/drasilviacristina.com.br\/#website","url":"https:\/\/drasilviacristina.com.br\/","name":"Dra. Silvia Cristina","description":"Dermatologia Cl\u00ednica, Cir\u00fargica e Est\u00e9tica","potentialAction":[{"@type":"SearchAction","target":{"@type":"EntryPoint","urlTemplate":"https:\/\/drasilviacristina.com.br\/?s={search_term_string}"},"query-input":{"@type":"PropertyValueSpecification","valueRequired":true,"valueName":"search_term_string"}}],"inLanguage":"pt-BR"}]}},"_links":{"self":[{"href":"http:\/\/drasilviacristina.com.br\/index.php\/wp-json\/wp\/v2\/pages\/163","targetHints":{"allow":["GET"]}}],"collection":[{"href":"http:\/\/drasilviacristina.com.br\/index.php\/wp-json\/wp\/v2\/pages"}],"about":[{"href":"http:\/\/drasilviacristina.com.br\/index.php\/wp-json\/wp\/v2\/types\/page"}],"author":[{"embeddable":true,"href":"http:\/\/drasilviacristina.com.br\/index.php\/wp-json\/wp\/v2\/users\/1"}],"replies":[{"embeddable":true,"href":"http:\/\/drasilviacristina.com.br\/index.php\/wp-json\/wp\/v2\/comments?post=163"}],"version-history":[{"count":9,"href":"http:\/\/drasilviacristina.com.br\/index.php\/wp-json\/wp\/v2\/pages\/163\/revisions"}],"predecessor-version":[{"id":10889,"href":"http:\/\/drasilviacristina.com.br\/index.php\/wp-json\/wp\/v2\/pages\/163\/revisions\/10889"}],"wp:attachment":[{"href":"http:\/\/drasilviacristina.com.br\/index.php\/wp-json\/wp\/v2\/media?parent=163"}],"curies":[{"name":"wp","href":"https:\/\/api.w.org\/{rel}","templated":true}]}}